{"id":353,"date":"2022-05-19T08:47:26","date_gmt":"2022-05-19T12:47:26","guid":{"rendered":"https:\/\/caminalopr.com\/?page_id=353"},"modified":"2022-05-19T08:47:26","modified_gmt":"2022-05-19T12:47:26","slug":"terminos-y-condiciones","status":"publish","type":"page","link":"https:\/\/caminalopr.com\/en\/terminos-y-condiciones\/","title":{"rendered":"Terms and Conditions"},"content":{"rendered":"<p>T\u00e9rminos y Condiciones de Uso<\/p>\n<p>Este contrato describe los t\u00e9rminos y condiciones generales aplicables al uso de los<br \/>\ncontenidos, productos y servicios ofrecidos a trav\u00e9s del sitio<br \/>\n\u2026\u2026\u2026\u2026\u2026\u2026\u2026\u2026\u2026\u2026\u2026\u2026., de cual es titular \u2026\u2026\u2026\u2026\u2026\u2026\u2026\u2026\u2026\u2026\u2026<br \/>\nINFORMACI\u00d3N RELEVANTE<br \/>\nEs requisito necesario para la adquisici\u00f3n de los productos que se ofrecen en este<br \/>\nsitio, que lea y acepte los siguientes T\u00e9rminos y Condiciones que a continuaci\u00f3n se<br \/>\nredactan. El uso de nuestros servicios as\u00ed como la compra de nuestros productos<br \/>\nimplicar\u00e1 que usted ha le\u00eddo y aceptado los T\u00e9rminos y Condiciones de Uso en el<br \/>\npresente documento. Todas los productos que son ofrecidos por nuestro sitio web<br \/>\npudieran ser creadas, cobradas, enviadas o presentadas por una p\u00e1gina web tercera y<br \/>\nen tal caso estar\u00edan sujetas a sus propios T\u00e9rminos y Condiciones. En algunos casos,<br \/>\npara adquirir un producto, ser\u00e1 necesario el registro por parte del usuario, con ingreso<br \/>\nde datos personales fidedignos y definici\u00f3n de una contrase\u00f1a.<br \/>\nEl usuario puede elegir y cambiar la clave para su acceso de administraci\u00f3n de la<br \/>\ncuenta en cualquier momento, en caso de que se haya registrado y que sea necesario<br \/>\npara la compra de alguno de nuestros productos. \u2026\u2026\u2026\u2026\u2026\u2026\u2026\u2026\u2026. no asume la<br \/>\nresponsabilidad en caso de que entregue dicha clave a terceros.<br \/>\nTodas las compras y transacciones que se lleven a cabo por medio de este sitio web,<br \/>\nest\u00e1n sujetas a un proceso de confirmaci\u00f3n y verificaci\u00f3n, el cual podr\u00eda incluir la<br \/>\nverificaci\u00f3n del stock y disponibilidad de producto, validaci\u00f3n de la forma de pago,<br \/>\nvalidaci\u00f3n de la factura (en caso de existir) y el cumplimiento de las condiciones<br \/>\nrequeridas por el medio de pago seleccionado. En algunos casos puede que se<br \/>\nrequiera una verificaci\u00f3n por medio de correo electr\u00f3nico.<br \/>\nLos precios de los productos ofrecidos en esta Tienda Online son v\u00e1lidos solamente<br \/>\nen las compras realizadas en este sitio web.<br \/>\nLICENCIA<br \/>\n\u2026\u2026\u2026\u2026\u2026\u2026\u2026\u2026\u2026\u2026.. a trav\u00e9s de su sitio web concede una licencia para que los<br \/>\nusuarios utilicen los productos que son vendidos en este sitio web de acuerdo a los<br \/>\nT\u00e9rminos y Condiciones que se describen en este documento.<br \/>\nUSO NO AUTORIZADO<br \/>\nEn caso de que aplique (para venta de software, templetes, u otro producto de dise\u00f1o<br \/>\ny programaci\u00f3n) usted no puede colocar uno de nuestros productos, modificado o sin<br \/>\nmodificar, en un CD, sitio web o ning\u00fan otro medio y ofrecerlos para la redistribuci\u00f3n o<br \/>\nla reventa de ning\u00fan tipo.<br \/>\nPROPIEDAD<br \/>\nUsted no puede declarar propiedad intelectual o exclusiva a ninguno de nuestros<br \/>\nproductos, modificado o sin modificar. Todos los productos son propiedad de los<br \/>\nproveedores del contenido. En caso de que no se especifique lo contrario, nuestros<br \/>\nproductos se proporcionan sin ning\u00fan tipo de garant\u00eda, expresa o impl\u00edcita. En ning\u00fan<br \/>\ncaso esta compa\u00f1\u00eda ser\u00e1 responsables de ning\u00fan da\u00f1o incluyendo, pero no limitado a,<br \/>\nda\u00f1os directos, indirectos, especiales, fortuitos o consecuentes u otras p\u00e9rdidas<br \/>\nresultantes del uso o de la imposibilidad de utilizar nuestros productos.<br \/>\nPOL\u00cdTICA DE REEMBOLSO Y GARANT\u00cdA<br \/>\nEn el caso de productos que sean mercanc\u00edas irrevocables no-tangibles, no<br \/>\nrealizamos reembolsos despu\u00e9s de que se env\u00ede el producto, usted tiene la<br \/>\nresponsabilidad de entender las caracter\u00edsticas antes de comprarlo. Le pedimos que<br \/>\nlea cuidadosamente la descripci\u00f3n antes de comprarlo. Solo se hacen excepciones de<br \/>\nesta regla cuando la descripci\u00f3n no se ajusta al producto.<br \/>\nHay algunos productos que pudieran tener garant\u00eda y posibilidad de reembolso, pero<br \/>\neste ser\u00e1 especificado al comprar el producto. En tales casos la garant\u00eda solo cubrir\u00e1<br \/>\nfallas de f\u00e1brica y solo se har\u00e1 efectiva cuando el producto se haya usado<br \/>\ncorrectamente.<br \/>\nLa garant\u00eda no cubre aver\u00edas o da\u00f1os ocasionados por uso indebido. Los t\u00e9rminos de<br \/>\nla garant\u00eda est\u00e1n asociados a fallas de fabricaci\u00f3n y funcionamiento en condiciones<br \/>\nnormales de los productos y s\u00f3olo se har\u00e1n efectivos estos t\u00e9rminos si el equipo ha<br \/>\nsido usado correctamente. Esto incluye:<br \/>\n\uf0b7 De acuerdo a las especificaciones t\u00e9cnicas indicadas para cada producto.<br \/>\n\uf0b7 En condiciones ambientales acordes con las especificaciones indicadas por el<br \/>\nfabricante.<br \/>\n\uf0b7 En uso espec\u00edfico para la funci\u00f3n con que fue dise\u00f1ado de f\u00e1brica.<br \/>\n\uf0b7 En condiciones de operaci\u00f3n el\u00e9ctricas acordes con las especificaciones y<br \/>\ntolerancias indicadas.<br \/>\nCOMPROBACI\u00d3N ANTIFRAUDE<br \/>\nLa compra del cliente puede ser aplazada para la comprobaci\u00f3n antifraude. Tambi\u00e9n<br \/>\npuede ser suspendida por m\u00e1s tiempo para una investigaci\u00f3n m\u00e1s rigurosa, para evitar<br \/>\ntransacciones fraudulentas.<br \/>\nPRIVACIDAD<br \/>\n\u2026\u2026\u2026\u2026\u2026\u2026\u2026\u2026\u2026\u2026\u2026.. garantiza que la informaci\u00f3n personal que usted env\u00eda<br \/>\ncuenta con la seguridad necesaria. Los datos ingresados por usuario o en el caso de<br \/>\nrequerir una validaci\u00f3n de los pedidos no ser\u00e1n entregados a terceros, salvo que deba<br \/>\nser revelada en cumplimiento a una orden judicial o requerimientos legales.<br \/>\nLa suscripci\u00f3n a boletines de correos electr\u00f3nicos publicitarios es voluntaria y podr\u00eda<br \/>\nser seleccionada al momento de crear su cuenta.<br \/>\n\u2026\u2026\u2026\u2026\u2026\u2026\u2026\u2026\u2026\u2026\u2026.. se reserva los derechos de cambiar o de modificar estos<br \/>\nt\u00e9rminos sin previo aviso.<\/p>","protected":false},"excerpt":{"rendered":"<p>T\u00e9rminos y Condiciones de Uso Este contrato describe los t\u00e9rminos y condiciones generales aplicables al uso de los contenidos, productos y servicios ofrecidos a trav\u00e9s del sitio \u2026\u2026\u2026\u2026\u2026\u2026\u2026\u2026\u2026\u2026\u2026\u2026., de cual es titular \u2026\u2026\u2026\u2026\u2026\u2026\u2026\u2026\u2026\u2026\u2026 INFORMACI\u00d3N RELEVANTE Es requisito necesario para la adquisici\u00f3n de los productos que se ofrecen en este sitio, que lea y acepte los [&hellip;]<\/p>\n","protected":false},"author":1,"featured_media":0,"parent":0,"menu_order":0,"comment_status":"closed","ping_status":"closed","template":"","meta":{"site-sidebar-layout":"no-sidebar","site-content-layout":"default","ast-site-content-layout":"default","site-content-style":"default","site-sidebar-style":"default","ast-global-header-display":"","ast-banner-title-visibility":"","ast-main-header-display":"","ast-hfb-above-header-display":"","ast-hfb-below-header-display":"","ast-hfb-mobile-header-display":"","site-post-title":"","ast-breadcrumbs-content":"","ast-featured-img":"","footer-sml-layout":"","ast-disable-related-posts":"","theme-transparent-header-meta":"default","adv-header-id-meta":"","stick-header-meta":"","header-above-stick-meta":"","header-main-stick-meta":"","header-below-stick-meta":"","astra-migrate-meta-layouts":"default","ast-page-background-enabled":"default","ast-page-background-meta":{"desktop":{"background-color":"var(--ast-global-color-4)","background-image":"","background-repeat":"repeat","background-position":"center center","background-size":"auto","background-attachment":"scroll","background-type":"","background-media":"","overlay-type":"","overlay-color":"","overlay-opacity":"","overlay-gradient":""},"tablet":{"background-color":"","background-image":"","background-repeat":"repeat","background-position":"center center","background-size":"auto","background-attachment":"scroll","background-type":"","background-media":"","overlay-type":"","overlay-color":"","overlay-opacity":"","overlay-gradient":""},"mobile":{"background-color":"","background-image":"","background-repeat":"repeat","background-position":"center center","background-size":"auto","background-attachment":"scroll","background-type":"","background-media":"","overlay-type":"","overlay-color":"","overlay-opacity":"","overlay-gradient":""}},"ast-content-background-meta":{"desktop":{"background-color":"var(--ast-global-color-5)","background-image":"","background-repeat":"repeat","background-position":"center center","background-size":"auto","background-attachment":"scroll","background-type":"","background-media":"","overlay-type":"","overlay-color":"","overlay-opacity":"","overlay-gradient":""},"tablet":{"background-color":"var(--ast-global-color-5)","background-image":"","background-repeat":"repeat","background-position":"center center","background-size":"auto","background-attachment":"scroll","background-type":"","background-media":"","overlay-type":"","overlay-color":"","overlay-opacity":"","overlay-gradient":""},"mobile":{"background-color":"var(--ast-global-color-5)","background-image":"","background-repeat":"repeat","background-position":"center center","background-size":"auto","background-attachment":"scroll","background-type":"","background-media":"","overlay-type":"","overlay-color":"","overlay-opacity":"","overlay-gradient":""}},"footnotes":""},"class_list":["post-353","page","type-page","status-publish","hentry"],"_links":{"self":[{"href":"https:\/\/caminalopr.com\/en\/wp-json\/wp\/v2\/pages\/353","targetHints":{"allow":["GET"]}}],"collection":[{"href":"https:\/\/caminalopr.com\/en\/wp-json\/wp\/v2\/pages"}],"about":[{"href":"https:\/\/caminalopr.com\/en\/wp-json\/wp\/v2\/types\/page"}],"author":[{"embeddable":true,"href":"https:\/\/caminalopr.com\/en\/wp-json\/wp\/v2\/users\/1"}],"replies":[{"embeddable":true,"href":"https:\/\/caminalopr.com\/en\/wp-json\/wp\/v2\/comments?post=353"}],"version-history":[{"count":1,"href":"https:\/\/caminalopr.com\/en\/wp-json\/wp\/v2\/pages\/353\/revisions"}],"predecessor-version":[{"id":354,"href":"https:\/\/caminalopr.com\/en\/wp-json\/wp\/v2\/pages\/353\/revisions\/354"}],"wp:attachment":[{"href":"https:\/\/caminalopr.com\/en\/wp-json\/wp\/v2\/media?parent=353"}],"curies":[{"name":"wp","href":"https:\/\/api.w.org\/{rel}","templated":true}]}}