{"id":351,"date":"2022-05-19T08:45:07","date_gmt":"2022-05-19T12:45:07","guid":{"rendered":"https:\/\/caminalopr.com\/?page_id=351"},"modified":"2022-05-19T08:48:13","modified_gmt":"2022-05-19T12:48:13","slug":"aviso-legal","status":"publish","type":"page","link":"https:\/\/caminalopr.com\/en\/aviso-legal\/","title":{"rendered":"Aviso Legal"},"content":{"rendered":"<p>NOMBRE EMPRESA, S.L., responsable del sitio web, en adelante<br \/>\nRESPONSABLE, pone a disposici\u00f3n de los usuarios el presente documento, con el<br \/>\nque pretende dar cumplimiento a las obligaciones dispuestas en la Ley 34\/2002, de<br \/>\n11 de julio, de Servicios de la Sociedad de la Informaci\u00f3n y del Comercio<br \/>\nElectr\u00f3nico (LSSICE), as\u00ed como informar a todos los usuarios del sitio web<br \/>\nrespecto a cu\u00e1les son las condiciones de uso.<br \/>\nToda persona que acceda a este sitio web asume el papel de usuario,<br \/>\ncomprometi\u00e9ndose a la observancia y cumplimiento riguroso de las disposiciones<br \/>\naqu\u00ed dispuestas, as\u00ed como a cualquier otra disposici\u00f3n legal que fuera de<br \/>\naplicaci\u00f3n.<br \/>\nNOMBRE EMPRESA, S.L.,. se reserva el derecho de modificar cualquier tipo de<br \/>\ninformaci\u00f3n que pudiera aparecer en el sitio web, sin que exista obligaci\u00f3n de<br \/>\npreavisar o poner en conocimiento de los usuarios dichas obligaciones,<br \/>\nentendi\u00e9ndose como suficiente con la publicaci\u00f3n en el sitio web de NOMBRE<br \/>\nEMPRESA, S.L.,<br \/>\n1. DATOS IDENTIFICATIVOS<br \/>\nDenominaci\u00f3n social: NOMBRE EMPRESA, S.L.,<br \/>\nNombre comercial: NOMBRE EMPRESA<br \/>\nNIF: XXXXXXX<br \/>\nDomicilio: DIRECCION DE TU NEGOCIO<br \/>\ne-mail: XXXXX@tudominio. com<br \/>\n2. OBJETO<br \/>\nA trav\u00e9s del Sitio Web, les ofrecemos a los Usuarios la posibilidad de acceder a la<br \/>\ninformaci\u00f3n sobre nuestros servicios.<br \/>\n3. PRIVACIDAD Y TRATAMIENTO DE DATOS<br \/>\nCuando para el acceso a determinados contenidos o servicio sea necesario<br \/>\nfacilitar datos de car\u00e1cter personal, los Usuarios garantizar\u00e1n su veracidad,<br \/>\nexactitud, autenticidad y vigencia. La empresa dar\u00e1 a dichos datos el tratamiento<br \/>\nautomatizado que corresponda en funci\u00f3n de su naturaleza o finalidad, en los<br \/>\nt\u00e9rminos indicados en la secci\u00f3n de Pol\u00edtica de Privacidad.<br \/>\n4. PROPIEDAD INDUSTRIAL E INTELECTUAL<br \/>\nEl Usuario reconoce y acepta que todos los contenidos que se muestran en el<br \/>\nEspacio Web y en especial, dise\u00f1os, textos, im\u00e1genes, logos, iconos, botones,<br \/>\nsoftware, nombres comerciales, marcas, o cualesquiera otros signos susceptibles<br \/>\nde utilizaci\u00f3n industrial y\/o comercial est\u00e1n sujetos a derechos de Propiedad<br \/>\nIntelectual y todas las marcas, nombres comerciales o signos distintivos, todos los<br \/>\nderechos de propiedad industrial e intelectual, sobre los contenidos y\/o<br \/>\ncualesquiera otros elementos insertados en el p\u00e1gina, que son propiedad exclusiva<br \/>\nde la empresa y\/o de terceros, quienes tienen el derecho exclusivo de utilizarlos en<br \/>\nel tr\u00e1fico econ\u00f3mico. Por todo ello el Usuario se compromete a no reproducir,<br \/>\ncopiar, distribuir, poner a disposici\u00f3n o de cualquier otra forma comunicar<br \/>\np\u00fablicamente, transformar o modificar tales contenidos manteniendo indemne a la<br \/>\nempresa de cualquier reclamaci\u00f3n que se derive del incumplimiento de tales<br \/>\nobligaciones.<br \/>\nEn ning\u00fan caso el acceso al Espacio Web implica ning\u00fan tipo de renuncia,<br \/>\ntransmisi\u00f3n, licencia o cesi\u00f3n total ni parcial de dichos derechos, salvo que se<br \/>\nestablezca expresamente lo contrario. Las presentes Condiciones Generales de<br \/>\nUso del Espacio Web no confieren a los Usuarios ning\u00fan otro derecho de<br \/>\nutilizaci\u00f3n, alteraci\u00f3n, explotaci\u00f3n, reproducci\u00f3n, distribuci\u00f3n o comunicaci\u00f3n<br \/>\np\u00fablica del Espacio Web y\/o de sus Contenidos distintos de los aqu\u00ed expresamente<br \/>\nprevistos. Cualquier otro uso o explotaci\u00f3n de cualesquiera derechos estar\u00e1 sujeto<br \/>\na la previa y expresa autorizaci\u00f3n espec\u00edficamente otorgada a tal efecto por la<br \/>\nempresa o el tercero titular de los derechos afectados.<br \/>\nLos contenidos, textos, fotograf\u00edas, dise\u00f1os, logotipos, im\u00e1genes, programas de<br \/>\nordenador, c\u00f3digos fuente y, en general, cualquier creaci\u00f3n intelectual existente en<br \/>\neste Espacio, as\u00ed como el propio Espacio en su conjunto, como obra art\u00edstica<br \/>\nmultimedia, est\u00e1n protegidos como derechos de autor por la legislaci\u00f3n en materia<br \/>\nde propiedad intelectual. La empresa es titular de los elementos que integran el<br \/>\ndise\u00f1o gr\u00e1fico del Espacio Web, lo men\u00fas, botones de navegaci\u00f3n, el c\u00f3digo<br \/>\nHTML, los textos, im\u00e1genes, texturas, gr\u00e1ficos y cualquier otro contenido del<br \/>\nEspacio Web o, en cualquier caso dispone de la correspondiente autorizaci\u00f3n para<br \/>\nla utilizaci\u00f3n de dichos elementos. El contenido dispuesto en el Espacio Web no<br \/>\npodr\u00e1 ser reproducido ni en todo ni en parte, ni transmitido, ni registrado por<br \/>\nning\u00fan sistema de recuperaci\u00f3n de informaci\u00f3n, en ninguna forma ni en ning\u00fan<br \/>\nmedio, a menos que se cuente con la autorizaci\u00f3n previa, por escrito, de la citada<br \/>\nEntidad.<br \/>\nAsimismo queda prohibido suprimir, eludir y\/o manipular el \u00abcopyright\u00bb as\u00ed como<br \/>\nlos dispositivos t\u00e9cnicos de protecci\u00f3n, o cualesquiera mecanismos de informaci\u00f3n<br \/>\nque pudieren contener los contenidos. El Usuario de este Espacio Web se<br \/>\ncompromete a respetar los derechos enunciados y a evitar cualquier actuaci\u00f3n que<br \/>\npudiera perjudicarlos, reserv\u00e1ndose en todo caso la empresa el ejercicio de<br \/>\ncuantos medios o acciones legales le correspondan en defensa de sus leg\u00edtimos<br \/>\nderechos de propiedad intelectual e industrial.<br \/>\n5. OBLIGACIONES Y RESPONSABILIDADES DEL USUARIO DEL ESPACIO<br \/>\nWEB<br \/>\nEl Usuario se compromete a:<br \/>\n1. Hacer un uso adecuado y l\u00edcito del Espacio Web as\u00ed como de los<br \/>\ncontenidos y servicios, de conformidad con: (i) la legislaci\u00f3n aplicable en<br \/>\ncada momento; (ii) las Condiciones Generales de Uso del Espacio Web; (iii)<br \/>\nla moral y buenas costumbres generalmente aceptadas y (iv) el orden<br \/>\np\u00fablico.<br \/>\n2. Proveerse de todos los medios y requerimientos t\u00e9cnicos que se precisen<br \/>\npara acceder al Espacio Web.<br \/>\n3. Facilitar informaci\u00f3n veraz al cumplimentar con sus datos de car\u00e1cter<br \/>\npersonal los formularios contenidos en el Espacio Web y a mantenerlos<br \/>\nactualizados en todo momento de forma que responda, en cada momento,<br \/>\na la situaci\u00f3n real del Usuario. El Usuario ser\u00e1 el \u00fanico responsable de las<br \/>\nmanifestaciones falsas o inexactas que realice y de los perjuicios que cause<br \/>\na la empresa o a terceros por la informaci\u00f3n que facilite.<br \/>\nNo obstante lo establecido en el apartado anterior el Usuario deber\u00e1 asimismo<br \/>\nabstenerse de:<br \/>\n1. Hacer un uso no autorizado o fraudulento del Espacio Web y\/o de los<br \/>\ncontenidos con fines o efectos il\u00edcitos, prohibidos en las presentes<br \/>\nCondiciones Generales de Uso, lesivos de los derechos e intereses de<br \/>\nterceros, o que de cualquier forma puedan da\u00f1ar, inutilizar, sobrecargar,<br \/>\ndeteriorar o impedir la normal utilizaci\u00f3n de los servicios o los documentos,<br \/>\narchivos y toda clase de contenidos almacenados en cualquier equipo<br \/>\ninform\u00e1tico.<br \/>\n2. Acceder o intentar acceder a recursos o \u00e1reas restringidas del Espacio<br \/>\nWeb, sin cumplir las condiciones exigidas para dicho acceso.<br \/>\n3. Provocar da\u00f1os en los sistemas f\u00edsicos o l\u00f3gicos del Espacio Web, de sus<br \/>\nproveedores o de terceros.<br \/>\n4. Introducir o difundir en la red virus inform\u00e1ticos o cualesquiera otros<br \/>\nsistemas f\u00edsicos o l\u00f3gicos que sean susceptibles de provocar da\u00f1os en los<br \/>\nsistemas f\u00edsicos o l\u00f3gicos de la empresa, proveedores o de terceros.<br \/>\n5. Intentar acceder, utilizar y\/o manipular los datos de la empresa, terceros<br \/>\nproveedores y otros Usuarios.<br \/>\n6. Reproducir o copiar, distribuir, permitir el acceso del p\u00fablico a trav\u00e9s de<br \/>\ncualquier modalidad de comunicaci\u00f3n p\u00fablica, transformar o modificar los<br \/>\ncontenidos, a menos que se cuente con la autorizaci\u00f3n del titular de los<br \/>\ncorrespondientes derechos o ello resulte legalmente permitido.<br \/>\n7. Suprimir, ocultar o manipular las notas sobre derechos de propiedad<br \/>\nintelectual o industrial y dem\u00e1s datos identificativos de los derechos de la<br \/>\nempresa o de terceros incorporados a los contenidos, as\u00ed como los<br \/>\ndispositivos t\u00e9cnicos de protecci\u00f3n o cualesquiera mecanismos de<br \/>\ninformaci\u00f3n que puedan insertarse en los contenidos.<br \/>\n8. Obtener e intentar obtener los contenidos empleando para ello medios o<br \/>\nprocedimientos distintos de los que, seg\u00fan los casos, se hayan puesto a su<br \/>\ndisposici\u00f3n a este efecto o se hayan indicado expresamente en las p\u00e1ginas<br \/>\nweb donde se encuentren los contenidos o, en general, de los que se<br \/>\nempleen habitualmente en Internet por no entra\u00f1ar un riesgo de da\u00f1o o<br \/>\ninutilizaci\u00f3n del Espacio web y\/o de los contenidos.<br \/>\n9. En particular, y a t\u00edtulo meramente indicativo y no exhaustivo, el Usuario se<br \/>\ncompromete a no transmitir, difundir o poner a disposici\u00f3n de terceros<br \/>\ninformaciones, datos, contenidos, mensajes, gr\u00e1ficos, dibujos, archivos de<br \/>\nsonido y\/o imagen, fotograf\u00edas, grabaciones, software y, en general,<br \/>\ncualquier clase de material que: \u2022 De cualquier forma sea contrario,<br \/>\nmenosprecie o atente contra los derechos fundamentales y las libertades<br \/>\np\u00fablicas reconocidas constitucionalmente, en los Tratados Internacionales y<br \/>\nen el resto de la legislaci\u00f3n vigente.\u2022 Induzca, incite o promueva<br \/>\nactuaciones delictivas, denigratorias, difamatorias, violentas o, en general,<br \/>\ncontrarias a la ley, a la moral, a las buenas costumbres generalmente<br \/>\naceptadas o al orden p\u00fablico.\u2022 Induzca, incite o promueva actuaciones,<br \/>\nactitudes o pensamientos discriminatorios por raz\u00f3n de sexo, raza, religi\u00f3n,<br \/>\ncreencias, edad o condici\u00f3n.\u2022 Incorpore, ponga a disposici\u00f3n o permita<br \/>\nacceder a productos, elementos, mensajes y\/o servicios delictivos,<br \/>\nviolentos, ofensivos, nocivos, degradantes o, en general, contrarios a la ley,<br \/>\na la moral y a las buenas costumbres generalmente aceptadas o al orden<br \/>\np\u00fablico. Induzca o pueda inducir a un estado inaceptable de ansiedad o<br \/>\ntemor.\u2022 Induzca o incite a involucrarse en pr\u00e1cticas peligrosas, de riesgo o<br \/>\nnocivas para la salud y el equilibrio ps\u00edquico.\u2022 Se encuentra protegido por la<br \/>\nlegislaci\u00f3n en materia de protecci\u00f3n intelectual o industrial perteneciente a<br \/>\nla sociedad o a terceros sin que haya sido autorizado el uso que se<br \/>\npretenda realizar.\u2022 Sea contrario al honor, a la intimidad personal y familiar<br \/>\no a la propia imagen de las personas.\u2022 Constituya cualquier tipo de<br \/>\npublicidad.\u2022 Incluya cualquier tipo de virus o programa que impida el normal<br \/>\nfuncionamiento del Espacio Web.<br \/>\nSi para acceder a algunos de los servicios y\/o contenidos del Espacio Web, se le<br \/>\nproporcionara una contrase\u00f1a, se obliga a usarla de manera diligente,<br \/>\nmanteni\u00e9ndola en todo momento en secreto. En consecuencia, ser\u00e1 responsable<br \/>\nde su adecuada custodia y confidencialidad, comprometi\u00e9ndose a no cederla a<br \/>\nterceros, de manera temporal o permanente, ni a permitir el acceso a los<br \/>\nmencionados servicios y\/o contenidos por parte de personas ajenas. Igualmente,<br \/>\nse obliga a notificar a la sociedad cualquier hecho que pueda suponer un uso<br \/>\nindebido de su contrase\u00f1a, como, a t\u00edtulo enunciativo, su robo, extrav\u00edo o el acceso<br \/>\nno autorizado, con el fin de proceder a su inmediata cancelaci\u00f3n. En<br \/>\nconsecuencia, mientras no efect\u00fae la notificaci\u00f3n anterior, la empresa quedar\u00e1<br \/>\neximida de cualquier responsabilidad que pudiera derivarse del uso indebido de su<br \/>\ncontrase\u00f1a, siendo de su responsabilidad cualquier utilizaci\u00f3n il\u00edcita de los<br \/>\ncontenidos y\/o servicios del Espacio Web por cualquier tercero ileg\u00edtimo. Si de<br \/>\nmanera negligente o dolosa incumpliera cualquiera de las obligaciones<br \/>\nestablecidas en las presentes Condiciones Generales de Uso, responder\u00e1 por<br \/>\ntodos los da\u00f1os y perjuicios que de dicho incumplimiento pudieran derivarse para<br \/>\nla empresa.<br \/>\n6. RESPONSABILIDADES<br \/>\nNo se garantiza el acceso continuado, ni la correcta visualizaci\u00f3n, descarga o<br \/>\nutilidad de los elementos e informaciones contenidas en la web que puedan verse<br \/>\nimpedidos, dificultados o interrumpidos por factores o circunstancias que est\u00e1n<br \/>\nfuera de su control. No se hace responsable de las decisiones que pudieran<br \/>\nadoptarse como consecuencia del acceso a los contenidos o informaciones<br \/>\nofrecidas.<br \/>\nSe podr\u00e1 interrumpir el servicio, o resolver de modo inmediato la relaci\u00f3n con el<br \/>\nUsuario, si se detecta que un uso de su Espacio Web, o de cualquiera de los<br \/>\nservicios ofertados en el mismo, es contrario a las presentes Condiciones<br \/>\nGenerales de Uso. No nos hacemos responsables por da\u00f1os, perjuicios, p\u00e9rdidas,<br \/>\nreclamaciones o gastos derivados del uso del Espacio Web.<br \/>\n\u00danicamente ser\u00e1 responsable de eliminar, lo antes posible, los contenidos que<br \/>\npuedan generar tales perjuicios, siempre que as\u00ed se notifique. En especial no<br \/>\nseremos responsables de los perjuicios que se pudieran derivar, entre otros, de:<br \/>\n1. Interferencias, interrupciones, fallos, omisiones, aver\u00edas telef\u00f3nicas,<br \/>\nretrasos, bloqueos o desconexiones en el funcionamiento del sistema<br \/>\nelectr\u00f3nico, motivadas por deficiencias, sobrecargas y errores en las l\u00edneas<br \/>\ny redes de telecomunicaciones, o por cualquier otra causa ajena al control<br \/>\nde la empresa.<br \/>\n2. Intromisiones ileg\u00edtimas mediante el uso de programas malignos de<br \/>\ncualquier tipo y a trav\u00e9s de cualquier medio de comunicaci\u00f3n, tales como<br \/>\nvirus inform\u00e1ticos o cualesquiera otros.<br \/>\n3. Abuso indebido o inadecuado del Espacio Web.<br \/>\n4. Errores de seguridad o navegaci\u00f3n producidos por un mal funcionamiento<br \/>\ndel navegador o por el uso de versiones no actualizadas del mismo. El<br \/>\nadministrador del espacio web se reservan el derecho de retirar, total o<br \/>\nparcialmente, cualquier contenido o informaci\u00f3n presente en el Espacio<br \/>\nWeb.<br \/>\nLa empresa excluye cualquier responsabilidad por los da\u00f1os y perjuicios de toda<br \/>\nnaturaleza que pudieran deberse a la mala utilizaci\u00f3n de los servicios de libre<br \/>\ndisposici\u00f3n y uso por parte de los Usuarios de Espacio Web. Asimismo queda<br \/>\nexonerado de cualquier responsabilidad por el contenido e informaciones que<br \/>\npuedan ser recibidas como consecuencia de los formularios de recogida de datos,<br \/>\nestando los mismos \u00fanicamente para la prestaci\u00f3n de los servicios de consultas y<br \/>\ndudas. Por otro lado, en caso de causar da\u00f1os y perjuicios por un uso il\u00edcito o<br \/>\nincorrecto de dichos servicios, podr\u00e1 ser el Usuario reclamado por los da\u00f1os o<br \/>\nperjuicios causados.<br \/>\nUsted mantendr\u00e1 a la empresa indemne frente a cualesquiera da\u00f1os y perjuicios<br \/>\nque se deriven de reclamaciones, acciones o demandas de terceros como<br \/>\nconsecuencia de su acceso o uso del Espacio Web. Asimismo, usted se obliga a<br \/>\nindemnizar frente a cualesquiera da\u00f1os y perjuicios, que se deriven del uso por su<br \/>\nparte de \u201crobots\u201d, \u201cspiders\u201d, \u201ccrawlers\u201d o herramientas similares empleadas con el<br \/>\nfin de recabar o extraer datos o de cualquier otra actuaci\u00f3n por su parte que<br \/>\nimponga una carga irrazonable sobre el funcionamiento del Espacio Web.<br \/>\n7. HIPERV\u00cdNCULOS<br \/>\nEl Usuario se obliga a no reproducir de ning\u00fan modo, ni siquiera mediante un<br \/>\nhiperenlace o hiperv\u00ednculo, el Espacio Web, as\u00ed como ninguno de sus contenidos,<br \/>\nsalvo autorizaci\u00f3n expresa y por escrito del responsable del fichero.<br \/>\nEl Espacio Web puede incluir enlaces a otros espacios web, gestionados por<br \/>\nterceros, con objeto de facilitar el acceso del Usuario a la informaci\u00f3n de empresas<br \/>\ncolaboradoras y\/o patrocinadoras. Conforme con ello, la sociedad no se<br \/>\nresponsabiliza del contenido de dichos Espacios web, ni se sit\u00faa en una posici\u00f3n<br \/>\nde garante ni\/o de parte ofertante de los servicios y\/o informaci\u00f3n que se puedan<br \/>\nofrecer a terceros a trav\u00e9s de los enlaces de terceros.<br \/>\nSe concede al Usuario un derecho limitado, revocable y no exclusivo a crear<br \/>\nenlaces a la p\u00e1gina principal del Espacio Web exclusivamente para uso privado y<br \/>\nno comercial. Los Espacios web que incluyan enlace a nuestro Espacio Web (i) no<br \/>\npodr\u00e1n falsear su relaci\u00f3n ni afirmar que se ha autorizado tal enlace, ni incluir<br \/>\nmarcas, denominaciones, nombres comerciales, logotipos u otros signos distintivos<br \/>\nde nuestra sociedad; (ii) no podr\u00e1n incluir contenidos que puedan considerarse de<br \/>\nmal gusto, obscenos, ofensivos, controvertidos, que inciten a la violencia o la<br \/>\ndiscriminaci\u00f3n por raz\u00f3n de sexo, raza o religi\u00f3n, contrarios al orden p\u00fablico o<br \/>\nil\u00edcitos; (iii) no podr\u00e1n enlazar a ninguna p\u00e1gina del Espacio Web distinta de la<br \/>\np\u00e1gina principal; (iv) deber\u00e1 enlazar con la propia direcci\u00f3n del Espacio Web, sin<br \/>\npermitir que el Espacio web que realice el enlace reproduzca el Espacio Web como<br \/>\nparte de su web o dentro de uno de sus \u201cframes\u201d o crear un \u201cbrowser\u201d sobre<br \/>\ncualquiera de las p\u00e1ginas del Espacio Web. La empresa podr\u00e1 solicitar, en<br \/>\ncualquier momento, que elimine cualquier enlace al Espacio Web, despu\u00e9s de lo<br \/>\ncual deber\u00e1 proceder de inmediato a su eliminaci\u00f3n.<br \/>\nLa empresa no puede controlar la informaci\u00f3n, contenidos, productos o servicios<br \/>\nfacilitados por otros Espacios web que tengan establecidos enlaces con destino al<br \/>\nEspacio Web.<br \/>\n8. PROTECCI\u00d3N DE DATOS<br \/>\nPara utilizar algunos de los Servicios, el Usuario debe proporcionar previamente<br \/>\nciertos datos de car\u00e1cter personal. La empresa tratar\u00e1 automatizadamente estos<br \/>\ndatos y aplicar\u00e1 las correspondientes medidas de seguridad, todo ello en<br \/>\ncumplimiento del RGPD, LOPDGDD y LSSI. El Usuario puede acceder a la pol\u00edtica<br \/>\nseguida en el tratamiento de los datos personales, as\u00ed como el establecimiento de<br \/>\nlas finalidades previamente establecidas, en las condiciones definidas en la<br \/>\nPol\u00edtica de Privacidad.<br \/>\n9.COOKIES<br \/>\nLa empresa se reserva el derecho de utilizar la tecnolog\u00eda \u201ccookie\u201d en el Espacio<br \/>\nWeb, a fin de reconocerlo como Usuario frecuente y personalizar el uso que realice<br \/>\ndel Espacio Web mediante la preselecci\u00f3n de su idioma, o contenidos m\u00e1s<br \/>\ndeseados o espec\u00edficos.<br \/>\nLas cookies recopilan la direcci\u00f3n IP del usuario siendo Google el responsable del<br \/>\ntratamiento de esta informaci\u00f3n.<br \/>\nLas cookies son ficheros enviados a un navegador, por medio de un servidor Web,<br \/>\npara registrar la navegaci\u00f3n del Usuario en el Espacio Web, cuando el Usuario<br \/>\npermita su recepci\u00f3n. Si usted lo desea puede configurar su navegador para ser<br \/>\navisado en pantalla de la recepci\u00f3n de cookies y para impedir la instalaci\u00f3n de<br \/>\ncookies en su disco duro. Por favor consulte las instrucciones y manuales de su<br \/>\nnavegador para ampliar esta informaci\u00f3n.<br \/>\nGracias a las cookies, resulta posible que se pueda reconocer el navegador del<br \/>\nordenador utilizado por el Usuario con la finalidad de facilitar contenidos y ofrecer<br \/>\nlas preferencias de navegaci\u00f3n u publicitarias que el Usuario, a los perfiles<br \/>\ndemogr\u00e1ficos de los Usuarios as\u00ed como para medir las visitas y par\u00e1metros del<br \/>\ntr\u00e1fico, controlar el progreso y n\u00famero de entradas.<br \/>\n10. DECLARACIONES Y GARANT\u00cdAS<br \/>\nEn general, los contenidos y servicios ofrecidos en el Espacio Web tienen car\u00e1cter<br \/>\nmeramente informativo. Por consiguiente, al ofrecerlos, no se otorga garant\u00eda ni<br \/>\ndeclaraci\u00f3n alguna en relaci\u00f3n con los contenidos y servicios ofrecidos en el<br \/>\nEspacio web, incluyendo, a t\u00edtulo enunciativo, garant\u00edas de licitud, fiabilidad,<br \/>\nutilidad, veracidad, exactitud, o comerciabilidad, salvo en la medida en que por ley<br \/>\nno puedan excluirse tales declaraciones y garant\u00edas.<br \/>\n11. FUERZA MAYOR<br \/>\nLa empresa no ser\u00e1 responsable en todo en caso de imposibilidad de prestar<br \/>\nservicio, si \u00e9sta se debe a interrupciones prolongadas del suministro el\u00e9ctrico,<br \/>\nl\u00edneas de telecomunicaciones, conflictos sociales, huelgas, rebeli\u00f3n, explosiones,<br \/>\ninundaciones, actos y omisiones del Gobierno, y en general todos los supuestos de<br \/>\nfuerza mayor o de caso fortuito.<br \/>\n12. RESOLUCI\u00d3N DE CONTROVERSIAS. LEY APLICABLE Y JURISDICCI\u00d3N<br \/>\nLas presentes Condiciones Generales de Uso, as\u00ed como el uso del Espacio Web,<br \/>\nse regir\u00e1n por la legislaci\u00f3n espa\u00f1ola. Para la resoluci\u00f3n de cualquier controversia<br \/>\nlas partes se someter\u00e1n a los Juzgados y Tribunales del domicilio social del<br \/>\nResponsable del sitio web.<br \/>\nEn el supuesto de que cualquier estipulaci\u00f3n de las presentes Condiciones<br \/>\nGenerales de Uso resultara inexigible o nula en virtud de la legislaci\u00f3n aplicable o<br \/>\ncomo consecuencia de una resoluci\u00f3n judicial o administrativa, dicha inexigibilidad<br \/>\no nulidad no har\u00e1 que las presentes Condiciones Generales de Uso resulten<br \/>\ninexigibles o nulas en su conjunto. En dichos casos, la empresa proceder\u00e1 a la<br \/>\nmodificaci\u00f3n o sustituci\u00f3n de dicha estipulaci\u00f3n por otra que sea v\u00e1lida y exigible y<br \/>\nque, en la medida de lo posible, consiga el objetivo y pretensi\u00f3n reflejados en la<br \/>\nestipulaci\u00f3n original.<\/p>","protected":false},"excerpt":{"rendered":"<p>NOMBRE EMPRESA, S.L., responsable del sitio web, en adelante RESPONSABLE, pone a disposici\u00f3n de los usuarios el presente documento, con el que pretende dar cumplimiento a las obligaciones dispuestas en la Ley 34\/2002, de 11 de julio, de Servicios de la Sociedad de la Informaci\u00f3n y del Comercio Electr\u00f3nico (LSSICE), as\u00ed como informar a todos [&hellip;]<\/p>\n","protected":false},"author":1,"featured_media":0,"parent":0,"menu_order":0,"comment_status":"closed","ping_status":"closed","template":"","meta":{"site-sidebar-layout":"no-sidebar","site-content-layout":"default","ast-site-content-layout":"default","site-content-style":"default","site-sidebar-style":"default","ast-global-header-display":"","ast-banner-title-visibility":"","ast-main-header-display":"","ast-hfb-above-header-display":"","ast-hfb-below-header-display":"","ast-hfb-mobile-header-display":"","site-post-title":"","ast-breadcrumbs-content":"","ast-featured-img":"","footer-sml-layout":"","ast-disable-related-posts":"","theme-transparent-header-meta":"default","adv-header-id-meta":"","stick-header-meta":"","header-above-stick-meta":"","header-main-stick-meta":"","header-below-stick-meta":"","astra-migrate-meta-layouts":"default","ast-page-background-enabled":"default","ast-page-background-meta":{"desktop":{"background-color":"var(--ast-global-color-4)","background-image":"","background-repeat":"repeat","background-position":"center center","background-size":"auto","background-attachment":"scroll","background-type":"","background-media":"","overlay-type":"","overlay-color":"","overlay-opacity":"","overlay-gradient":""},"tablet":{"background-color":"","background-image":"","background-repeat":"repeat","background-position":"center center","background-size":"auto","background-attachment":"scroll","background-type":"","background-media":"","overlay-type":"","overlay-color":"","overlay-opacity":"","overlay-gradient":""},"mobile":{"background-color":"","background-image":"","background-repeat":"repeat","background-position":"center center","background-size":"auto","background-attachment":"scroll","background-type":"","background-media":"","overlay-type":"","overlay-color":"","overlay-opacity":"","overlay-gradient":""}},"ast-content-background-meta":{"desktop":{"background-color":"var(--ast-global-color-5)","background-image":"","background-repeat":"repeat","background-position":"center center","background-size":"auto","background-attachment":"scroll","background-type":"","background-media":"","overlay-type":"","overlay-color":"","overlay-opacity":"","overlay-gradient":""},"tablet":{"background-color":"var(--ast-global-color-5)","background-image":"","background-repeat":"repeat","background-position":"center center","background-size":"auto","background-attachment":"scroll","background-type":"","background-media":"","overlay-type":"","overlay-color":"","overlay-opacity":"","overlay-gradient":""},"mobile":{"background-color":"var(--ast-global-color-5)","background-image":"","background-repeat":"repeat","background-position":"center center","background-size":"auto","background-attachment":"scroll","background-type":"","background-media":"","overlay-type":"","overlay-color":"","overlay-opacity":"","overlay-gradient":""}},"footnotes":""},"class_list":["post-351","page","type-page","status-publish","hentry"],"_links":{"self":[{"href":"https:\/\/caminalopr.com\/en\/wp-json\/wp\/v2\/pages\/351","targetHints":{"allow":["GET"]}}],"collection":[{"href":"https:\/\/caminalopr.com\/en\/wp-json\/wp\/v2\/pages"}],"about":[{"href":"https:\/\/caminalopr.com\/en\/wp-json\/wp\/v2\/types\/page"}],"author":[{"embeddable":true,"href":"https:\/\/caminalopr.com\/en\/wp-json\/wp\/v2\/users\/1"}],"replies":[{"embeddable":true,"href":"https:\/\/caminalopr.com\/en\/wp-json\/wp\/v2\/comments?post=351"}],"version-history":[{"count":1,"href":"https:\/\/caminalopr.com\/en\/wp-json\/wp\/v2\/pages\/351\/revisions"}],"predecessor-version":[{"id":352,"href":"https:\/\/caminalopr.com\/en\/wp-json\/wp\/v2\/pages\/351\/revisions\/352"}],"wp:attachment":[{"href":"https:\/\/caminalopr.com\/en\/wp-json\/wp\/v2\/media?parent=351"}],"curies":[{"name":"wp","href":"https:\/\/api.w.org\/{rel}","templated":true}]}}