{"id":262,"date":"2022-04-27T19:38:58","date_gmt":"2022-04-27T23:38:58","guid":{"rendered":"https:\/\/caminalopr.com\/?page_id=262"},"modified":"2026-04-24T18:38:25","modified_gmt":"2026-04-24T22:38:25","slug":"contacto","status":"publish","type":"page","link":"https:\/\/caminalopr.com\/en\/contacto\/","title":{"rendered":"Contact"},"content":{"rendered":"<h1  data-animation-delay=\"0\" data-animation-duration=\"1\">\n\t\t\tFind the coolest tights that define you\t<\/h1>\n\tVisit Cam\u00ednalo Store and have fun<br \/>\nfinding your style\n<figure data-animation-delay=\"0\" data-animation-duration=\"1\" itemscope itemtype=\"https:\/\/schema.org\/ImageObject\">\n\t\t\t\t<img decoding=\"async\" data-src=\"https:\/\/caminalopr.com\/wp-content\/uploads\/2026\/03\/photo-socks-print-line1492239_l.webp\" alt=\"photo-socks-print-line1492239_l\" height=\"1200\" width=\"1200\" title=\"photo-socks-print-line1492239_l\" onerror=\"this.style.display='none'\" src=\"data:image\/svg+xml;base64,PHN2ZyB3aWR0aD0iMSIgaGVpZ2h0PSIxIiB4bWxucz0iaHR0cDovL3d3dy53My5vcmcvMjAwMC9zdmciPjwvc3ZnPg==\" class=\"lazyload\" style=\"--smush-placeholder-width: 1200px; --smush-placeholder-aspect-ratio: 1200\/1200;\" \/>\n\t<\/figure>\n<figure itemscope itemtype=\"https:\/\/schema.org\/ImageObject\">\n\t\t\t\t<img decoding=\"async\" data-src=\"https:\/\/caminalopr.com\/wp-content\/uploads\/2026\/03\/image-2-1.png\" alt=\"image (2)\" height=\"245\" width=\"244\" title=\"image (2)\" onerror=\"this.style.display='none'\" src=\"data:image\/svg+xml;base64,PHN2ZyB3aWR0aD0iMSIgaGVpZ2h0PSIxIiB4bWxucz0iaHR0cDovL3d3dy53My5vcmcvMjAwMC9zdmciPjwvc3ZnPg==\" class=\"lazyload\" style=\"--smush-placeholder-width: 244px; --smush-placeholder-aspect-ratio: 244\/245;\" \/>\n\t<\/figure>\n<h5>\n\t\t\tLocation and Hours:\t<\/h5>\n\t206 Calle del Cristo,<br \/>\nViejo San Juan, PR\n<strong>Monday to Friday<\/strong><br \/>\n10:00am &#8211; 6:30pm<br \/>\n<strong>Saturdays and Sundays<\/strong><br \/>\n10:00am &#8211; 7:30pm\n<figure itemscope itemtype=\"https:\/\/schema.org\/ImageObject\">\n\t\t\t\t<img decoding=\"async\" data-src=\"https:\/\/caminalopr.com\/wp-content\/uploads\/2026\/03\/image-3.png\" alt=\"image\" height=\"243\" width=\"242\" title=\"image\" onerror=\"this.style.display='none'\" src=\"data:image\/svg+xml;base64,PHN2ZyB3aWR0aD0iMSIgaGVpZ2h0PSIxIiB4bWxucz0iaHR0cDovL3d3dy53My5vcmcvMjAwMC9zdmciPjwvc3ZnPg==\" class=\"lazyload\" style=\"--smush-placeholder-width: 242px; --smush-placeholder-aspect-ratio: 242\/243;\" \/>\n\t<\/figure>\n<h5>\n\t\t\tPhone:\t<\/h5>\n\t<p><a href=\"tel:787-479-9319\">(787) 479-9319<\/a><\/p>\n<figure itemscope itemtype=\"https:\/\/schema.org\/ImageObject\">\n\t\t\t\t<img decoding=\"async\" data-src=\"https:\/\/caminalopr.com\/wp-content\/uploads\/2026\/03\/image-1-1.png\" alt=\"image (1)\" height=\"238\" width=\"240\" title=\"image (1)\" onerror=\"this.style.display='none'\" src=\"data:image\/svg+xml;base64,PHN2ZyB3aWR0aD0iMSIgaGVpZ2h0PSIxIiB4bWxucz0iaHR0cDovL3d3dy53My5vcmcvMjAwMC9zdmciPjwvc3ZnPg==\" class=\"lazyload\" style=\"--smush-placeholder-width: 240px; --smush-placeholder-aspect-ratio: 240\/238;\" \/>\n\t<\/figure>\n<h5>\n\t\t\tEmail:\t<\/h5>\n\t<p>info@caminalopr.com<\/p>\n<figure itemscope itemtype=\"https:\/\/schema.org\/ImageObject\">\n\t\t\t\t<img decoding=\"async\" data-src=\"https:\/\/caminalopr.com\/wp-content\/uploads\/2026\/03\/image-2-1.png\" alt=\"image (2)\" height=\"245\" width=\"244\" title=\"image (2)\" onerror=\"this.style.display='none'\" src=\"data:image\/svg+xml;base64,PHN2ZyB3aWR0aD0iMSIgaGVpZ2h0PSIxIiB4bWxucz0iaHR0cDovL3d3dy53My5vcmcvMjAwMC9zdmciPjwvc3ZnPg==\" class=\"lazyload\" style=\"--smush-placeholder-width: 244px; --smush-placeholder-aspect-ratio: 244\/245;\" \/>\n\t<\/figure>\n<h5>\n\t\t\tLocation and Hours:\t<\/h5>\n\t268 Calle de San Francisco,<br \/>\nViejo San Juan, PR\n<strong>Monday to Friday<\/strong><br \/>\n11:00am &#8211; 7:00pm<br \/>\n<strong>S\u00e1bado a Domingos<\/strong><br \/>\n11:00am &#8211; 7:30pm\n\t<iframe data-src=\"https:\/\/www.google.com\/maps\/embed?pb=!1m18!1m12!1m3!1d3784.416485592557!2d-66.12055002432217!3d18.464784612624584!2m3!1f0!2f0!3f0!3m2!1i1024!2i768!4f13.1!3m3!1m2!1s0x8c036f7eebb11d29%3A0x3b7e5787dcb14455!2sCam%C3%ADnalo%20Store!5e0!3m2!1ses-419!2sve!4v1773024247998!5m2!1ses-419!2sve\" width=\"100%\" height=\"400\" style=\"border:0;\" allowfullscreen=\"\" referrerpolicy=\"no-referrer-when-downgrade\" src=\"data:image\/svg+xml;base64,PHN2ZyB3aWR0aD0iMSIgaGVpZ2h0PSIxIiB4bWxucz0iaHR0cDovL3d3dy53My5vcmcvMjAwMC9zdmciPjwvc3ZnPg==\" class=\"lazyload\" data-load-mode=\"1\"><\/iframe>","protected":false},"excerpt":{"rendered":"<p>Encuentra las medias m\u00e1s cool que te definen Visita Cam\u00ednalo Store y divi\u00e9rtete encontrando tu estilo Ubicaci\u00f3n y Horario: 206 Calle del Cristo, Viejo San Juan, PR Lunes a Viernes 10:00am &#8211; 6:30pm S\u00e1bados y Domingos 10:00am &#8211; 7:30pm Tel\u00e9fono: (787) 479-9319 Email: info@caminalopr.com Ubicaci\u00f3n y Horario: 268 Calle de San Francisco, Viejo San Juan, [&hellip;]<\/p>\n","protected":false},"author":1,"featured_media":0,"parent":0,"menu_order":0,"comment_status":"closed","ping_status":"closed","template":"","meta":{"site-sidebar-layout":"no-sidebar","site-content-layout":"page-builder","ast-site-content-layout":"default","site-content-style":"default","site-sidebar-style":"default","ast-global-header-display":"","ast-banner-title-visibility":"","ast-main-header-display":"","ast-hfb-above-header-display":"","ast-hfb-below-header-display":"","ast-hfb-mobile-header-display":"","site-post-title":"disabled","ast-breadcrumbs-content":"","ast-featured-img":"disabled","footer-sml-layout":"","ast-disable-related-posts":"","theme-transparent-header-meta":"default","adv-header-id-meta":"","stick-header-meta":"","header-above-stick-meta":"","header-main-stick-meta":"","header-below-stick-meta":"","astra-migrate-meta-layouts":"default","ast-page-background-enabled":"default","ast-page-background-meta":{"desktop":{"background-color":"var(--ast-global-color-4)","background-image":"","background-repeat":"repeat","background-position":"center center","background-size":"auto","background-attachment":"scroll","background-type":"","background-media":"","overlay-type":"","overlay-color":"","overlay-opacity":"","overlay-gradient":""},"tablet":{"background-color":"","background-image":"","background-repeat":"repeat","background-position":"center center","background-size":"auto","background-attachment":"scroll","background-type":"","background-media":"","overlay-type":"","overlay-color":"","overlay-opacity":"","overlay-gradient":""},"mobile":{"background-color":"","background-image":"","background-repeat":"repeat","background-position":"center center","background-size":"auto","background-attachment":"scroll","background-type":"","background-media":"","overlay-type":"","overlay-color":"","overlay-opacity":"","overlay-gradient":""}},"ast-content-background-meta":{"desktop":{"background-color":"var(--ast-global-color-5)","background-image":"","background-repeat":"repeat","background-position":"center center","background-size":"auto","background-attachment":"scroll","background-type":"","background-media":"","overlay-type":"","overlay-color":"","overlay-opacity":"","overlay-gradient":""},"tablet":{"background-color":"var(--ast-global-color-5)","background-image":"","background-repeat":"repeat","background-position":"center center","background-size":"auto","background-attachment":"scroll","background-type":"","background-media":"","overlay-type":"","overlay-color":"","overlay-opacity":"","overlay-gradient":""},"mobile":{"background-color":"var(--ast-global-color-5)","background-image":"","background-repeat":"repeat","background-position":"center center","background-size":"auto","background-attachment":"scroll","background-type":"","background-media":"","overlay-type":"","overlay-color":"","overlay-opacity":"","overlay-gradient":""}},"footnotes":""},"class_list":["post-262","page","type-page","status-publish","hentry"],"_links":{"self":[{"href":"https:\/\/caminalopr.com\/en\/wp-json\/wp\/v2\/pages\/262","targetHints":{"allow":["GET"]}}],"collection":[{"href":"https:\/\/caminalopr.com\/en\/wp-json\/wp\/v2\/pages"}],"about":[{"href":"https:\/\/caminalopr.com\/en\/wp-json\/wp\/v2\/types\/page"}],"author":[{"embeddable":true,"href":"https:\/\/caminalopr.com\/en\/wp-json\/wp\/v2\/users\/1"}],"replies":[{"embeddable":true,"href":"https:\/\/caminalopr.com\/en\/wp-json\/wp\/v2\/comments?post=262"}],"version-history":[{"count":19,"href":"https:\/\/caminalopr.com\/en\/wp-json\/wp\/v2\/pages\/262\/revisions"}],"predecessor-version":[{"id":45508,"href":"https:\/\/caminalopr.com\/en\/wp-json\/wp\/v2\/pages\/262\/revisions\/45508"}],"wp:attachment":[{"href":"https:\/\/caminalopr.com\/en\/wp-json\/wp\/v2\/media?parent=262"}],"curies":[{"name":"wp","href":"https:\/\/api.w.org\/{rel}","templated":true}]}}