{"id":220,"date":"2022-04-27T16:11:54","date_gmt":"2022-04-27T20:11:54","guid":{"rendered":"https:\/\/caminalopr.com\/?page_id=220"},"modified":"2026-04-24T18:21:13","modified_gmt":"2026-04-24T22:21:13","slug":"nosotros","status":"publish","type":"page","link":"https:\/\/caminalopr.com\/en\/nosotros\/","title":{"rendered":"About Us"},"content":{"rendered":"<h1  data-animation-delay=\"0\" data-animation-duration=\"1\">\n\t\t\tWalk the world with style and personality!\t<\/h1>\n<p>Joy and fun in all your adventures<\/p>\n<figure data-animation-delay=\"0\" data-animation-duration=\"1\" itemscope itemtype=\"https:\/\/schema.org\/ImageObject\">\n\t\t\t\t<img decoding=\"async\" data-src=\"https:\/\/caminalopr.com\/wp-content\/uploads\/2026\/03\/4d361f5e-c279-4556-9fca-53d9ee152fe11743841748502-Thela-Gaadi-Unisex-Pack-Of-2-Patterned-Ankle-Length-Socks-79-1.webp\" alt=\"4d361f5e-c279-4556-9fca-53d9ee152fe11743841748502-Thela-Gaadi-Unisex-Pack-Of-2-Patterned-Ankle-Length-Socks-79-1\" height=\"960\" width=\"720\" title=\"4d361f5e-c279-4556-9fca-53d9ee152fe11743841748502-Thela-Gaadi-Unisex-Pack-Of-2-Patterned-Ankle-Length-Socks-79-1\" onerror=\"this.style.display='none'\" src=\"data:image\/svg+xml;base64,PHN2ZyB3aWR0aD0iMSIgaGVpZ2h0PSIxIiB4bWxucz0iaHR0cDovL3d3dy53My5vcmcvMjAwMC9zdmciPjwvc3ZnPg==\" class=\"lazyload\" style=\"--smush-placeholder-width: 720px; --smush-placeholder-aspect-ratio: 720\/960;\" \/>\n\t<\/figure>\n<h2  data-animation-delay=\"0\" data-animation-duration=\"1\">\n\t\t\tEstablished in 2019\t<\/h2>\n\t<p>Cam\u00ednalo Store is a company born from a passion for walking the world while experiencing other cultures. It focuses on giving all its visitors the opportunity to express themselves with joy, fun, and style through its more than 600 sock designs to choose from.<\/p>\n<h5  data-animation-delay=\"0\" data-animation-duration=\"1\">\n\t\t\tDress up your adventures in style\t<\/h5>\n\t<p>Let each pair of socks be the start of a conversation and the perfect complement to your walks around the world.<\/p>\n<h5  data-animation-delay=\"0\" data-animation-duration=\"1\">\n\t\t\tBringing joy to every <br>step\t<\/h5>\n\t<p>To become the most beloved sock brand in Puerto Rico, recognized for our quality, originality and connection to the local culture.<\/p>\n<h5  data-animation-delay=\"0\" data-animation-duration=\"1\">\n\t\t\tA design for every personality\t<\/h5>\n\t<p>Over 600 ways to express who you are. From classic to daring, there's always a pair waiting for you.<\/p>\n<h5  data-animation-delay=\"0\" data-animation-duration=\"1\" class=\"translation-block\">6 years walking <br>together<\/h5>\n\t<p>We were born in Old San Juan in 2019 and since then we have not stopped walking, growing and filling the feet of our people with color.<\/p>\n\t\t\t<a href=\"https:\/\/caminalopr.com\/en\/contacto\/\"  target=\"_self\">\n\t\t\t\t\t\t\tMore information\n\t\t\t\t\t<\/a>\n\t<p><img decoding=\"async\" data-src=\"http:\/\/caminalopr.com\/wp-content\/uploads\/2022\/04\/Artboard-8.png\" alt=\"\" width=\"92\" height=\"90\" src=\"data:image\/svg+xml;base64,PHN2ZyB3aWR0aD0iMSIgaGVpZ2h0PSIxIiB4bWxucz0iaHR0cDovL3d3dy53My5vcmcvMjAwMC9zdmciPjwvc3ZnPg==\" class=\"lazyload\" style=\"--smush-placeholder-width: 92px; --smush-placeholder-aspect-ratio: 92\/90;\" \/> Fun<\/p>\n\t<p><img decoding=\"async\" data-src=\"http:\/\/caminalopr.com\/wp-content\/uploads\/2022\/04\/Artboard-10.png\" alt=\"\" width=\"83\" height=\"84\" src=\"data:image\/svg+xml;base64,PHN2ZyB3aWR0aD0iMSIgaGVpZ2h0PSIxIiB4bWxucz0iaHR0cDovL3d3dy53My5vcmcvMjAwMC9zdmciPjwvc3ZnPg==\" class=\"lazyload\" style=\"--smush-placeholder-width: 83px; --smush-placeholder-aspect-ratio: 83\/84;\" \/> Happiness<\/p>\n\t<p><img decoding=\"async\" data-src=\"http:\/\/caminalopr.com\/wp-content\/uploads\/2022\/04\/Artboard-11.png\" alt=\"\" width=\"98\" height=\"96\" src=\"data:image\/svg+xml;base64,PHN2ZyB3aWR0aD0iMSIgaGVpZ2h0PSIxIiB4bWxucz0iaHR0cDovL3d3dy53My5vcmcvMjAwMC9zdmciPjwvc3ZnPg==\" class=\"lazyload\" style=\"--smush-placeholder-width: 98px; --smush-placeholder-aspect-ratio: 98\/96;\" \/> Adventure<\/p>\n\t<p><img decoding=\"async\" data-src=\"http:\/\/caminalopr.com\/wp-content\/uploads\/2022\/04\/Artboard-9.png\" alt=\"\" width=\"79\" height=\"80\" src=\"data:image\/svg+xml;base64,PHN2ZyB3aWR0aD0iMSIgaGVpZ2h0PSIxIiB4bWxucz0iaHR0cDovL3d3dy53My5vcmcvMjAwMC9zdmciPjwvc3ZnPg==\" class=\"lazyload\" style=\"--smush-placeholder-width: 79px; --smush-placeholder-aspect-ratio: 79\/80;\" \/> Passion for quality<\/p>\n\t<p><img decoding=\"async\" data-src=\"http:\/\/caminalopr.com\/wp-content\/uploads\/2022\/04\/Artboard-12.png\" alt=\"\" width=\"100\" height=\"80\" src=\"data:image\/svg+xml;base64,PHN2ZyB3aWR0aD0iMSIgaGVpZ2h0PSIxIiB4bWxucz0iaHR0cDovL3d3dy53My5vcmcvMjAwMC9zdmciPjwvc3ZnPg==\" class=\"lazyload\" style=\"--smush-placeholder-width: 100px; --smush-placeholder-aspect-ratio: 100\/80;\" \/> Creative expression<\/p>\n<h2  data-animation-delay=\"0\" data-animation-duration=\"1\">\n\t\t\tWhat began as a personal adventure is now part of yours.\t<\/h2>\n\t<ul>\n<li><img decoding=\"async\" data-src=\"https:\/\/caminalopr.com\/wp-content\/uploads\/2026\/03\/image-1.png\" alt=\"\" width=\"203\" height=\"203\" src=\"data:image\/svg+xml;base64,PHN2ZyB3aWR0aD0iMSIgaGVpZ2h0PSIxIiB4bWxucz0iaHR0cDovL3d3dy53My5vcmcvMjAwMC9zdmciPjwvc3ZnPg==\" class=\"lazyload\" style=\"--smush-placeholder-width: 203px; --smush-placeholder-aspect-ratio: 203\/203;\" \/>A passion for walking and exploring the world gives life to the coolest store with the most designs for socks in all of Puerto Rico.<\/li>\n<li><img decoding=\"async\" data-src=\"https:\/\/caminalopr.com\/wp-content\/uploads\/2026\/03\/image.png\" alt=\"\" width=\"200\" height=\"203\" src=\"data:image\/svg+xml;base64,PHN2ZyB3aWR0aD0iMSIgaGVpZ2h0PSIxIiB4bWxucz0iaHR0cDovL3d3dy53My5vcmcvMjAwMC9zdmciPjwvc3ZnPg==\" class=\"lazyload\" style=\"--smush-placeholder-width: 200px; --smush-placeholder-aspect-ratio: 200\/203;\" \/>When you visit our stores, you'll find over 600 ways to express your personality with joy, fun, and style.<\/li>\n<li><img decoding=\"async\" data-src=\"https:\/\/caminalopr.com\/wp-content\/uploads\/2026\/03\/image-2.png\" alt=\"\" width=\"203\" height=\"207\" src=\"data:image\/svg+xml;base64,PHN2ZyB3aWR0aD0iMSIgaGVpZ2h0PSIxIiB4bWxucz0iaHR0cDovL3d3dy53My5vcmcvMjAwMC9zdmciPjwvc3ZnPg==\" class=\"lazyload\" style=\"--smush-placeholder-width: 203px; --smush-placeholder-aspect-ratio: 203\/207;\" \/>We transform your path into a special one with Cam\u00ednalo Store tights!<\/li>\n<\/ul>\n<figure data-animation-delay=\"0\" data-animation-duration=\"1\" itemscope itemtype=\"https:\/\/schema.org\/ImageObject\">\n\t\t\t\t<img decoding=\"async\" data-src=\"https:\/\/caminalopr.com\/wp-content\/uploads\/2026\/03\/photo-socks-print-line1492239_l.webp\" alt=\"photo-socks-print-line1492239_l\" height=\"1200\" width=\"1200\" title=\"photo-socks-print-line1492239_l\" onerror=\"this.style.display='none'\" src=\"data:image\/svg+xml;base64,PHN2ZyB3aWR0aD0iMSIgaGVpZ2h0PSIxIiB4bWxucz0iaHR0cDovL3d3dy53My5vcmcvMjAwMC9zdmciPjwvc3ZnPg==\" class=\"lazyload\" style=\"--smush-placeholder-width: 1200px; --smush-placeholder-aspect-ratio: 1200\/1200;\" \/>\n\t<\/figure>","protected":false},"excerpt":{"rendered":"<p>\u00a1Cam\u00ednalo por el mundo con estilo y personalidad! Alegr\u00eda y diversi\u00f3n en todas tus aventuras Establecida en 2019 Cam\u00ednalo Store es una empresa que nace de la pasi\u00f3n de caminar por todo el mundo mientras se conocen otras culturas. Se enfoca en traer a todos sus visitantes, la oportunidad de expresarse con alegr\u00eda, diversi\u00f3n y [&hellip;]<\/p>\n","protected":false},"author":2,"featured_media":0,"parent":0,"menu_order":0,"comment_status":"closed","ping_status":"closed","template":"","meta":{"site-sidebar-layout":"no-sidebar","site-content-layout":"page-builder","ast-site-content-layout":"default","site-content-style":"default","site-sidebar-style":"default","ast-global-header-display":"","ast-banner-title-visibility":"","ast-main-header-display":"","ast-hfb-above-header-display":"","ast-hfb-below-header-display":"","ast-hfb-mobile-header-display":"","site-post-title":"disabled","ast-breadcrumbs-content":"","ast-featured-img":"disabled","footer-sml-layout":"","ast-disable-related-posts":"","theme-transparent-header-meta":"default","adv-header-id-meta":"","stick-header-meta":"","header-above-stick-meta":"","header-main-stick-meta":"","header-below-stick-meta":"","astra-migrate-meta-layouts":"default","ast-page-background-enabled":"default","ast-page-background-meta":{"desktop":{"background-color":"var(--ast-global-color-4)","background-image":"","background-repeat":"repeat","background-position":"center center","background-size":"auto","background-attachment":"scroll","background-type":"","background-media":"","overlay-type":"","overlay-color":"","overlay-opacity":"","overlay-gradient":""},"tablet":{"background-color":"","background-image":"","background-repeat":"repeat","background-position":"center center","background-size":"auto","background-attachment":"scroll","background-type":"","background-media":"","overlay-type":"","overlay-color":"","overlay-opacity":"","overlay-gradient":""},"mobile":{"background-color":"","background-image":"","background-repeat":"repeat","background-position":"center center","background-size":"auto","background-attachment":"scroll","background-type":"","background-media":"","overlay-type":"","overlay-color":"","overlay-opacity":"","overlay-gradient":""}},"ast-content-background-meta":{"desktop":{"background-color":"var(--ast-global-color-5)","background-image":"","background-repeat":"repeat","background-position":"center center","background-size":"auto","background-attachment":"scroll","background-type":"","background-media":"","overlay-type":"","overlay-color":"","overlay-opacity":"","overlay-gradient":""},"tablet":{"background-color":"var(--ast-global-color-5)","background-image":"","background-repeat":"repeat","background-position":"center center","background-size":"auto","background-attachment":"scroll","background-type":"","background-media":"","overlay-type":"","overlay-color":"","overlay-opacity":"","overlay-gradient":""},"mobile":{"background-color":"var(--ast-global-color-5)","background-image":"","background-repeat":"repeat","background-position":"center center","background-size":"auto","background-attachment":"scroll","background-type":"","background-media":"","overlay-type":"","overlay-color":"","overlay-opacity":"","overlay-gradient":""}},"footnotes":""},"class_list":["post-220","page","type-page","status-publish","hentry"],"_links":{"self":[{"href":"https:\/\/caminalopr.com\/en\/wp-json\/wp\/v2\/pages\/220","targetHints":{"allow":["GET"]}}],"collection":[{"href":"https:\/\/caminalopr.com\/en\/wp-json\/wp\/v2\/pages"}],"about":[{"href":"https:\/\/caminalopr.com\/en\/wp-json\/wp\/v2\/types\/page"}],"author":[{"embeddable":true,"href":"https:\/\/caminalopr.com\/en\/wp-json\/wp\/v2\/users\/2"}],"replies":[{"embeddable":true,"href":"https:\/\/caminalopr.com\/en\/wp-json\/wp\/v2\/comments?post=220"}],"version-history":[{"count":19,"href":"https:\/\/caminalopr.com\/en\/wp-json\/wp\/v2\/pages\/220\/revisions"}],"predecessor-version":[{"id":45506,"href":"https:\/\/caminalopr.com\/en\/wp-json\/wp\/v2\/pages\/220\/revisions\/45506"}],"wp:attachment":[{"href":"https:\/\/caminalopr.com\/en\/wp-json\/wp\/v2\/media?parent=220"}],"curies":[{"name":"wp","href":"https:\/\/api.w.org\/{rel}","templated":true}]}}